{"id":271,"date":"2022-07-15T12:15:23","date_gmt":"2022-07-15T12:15:23","guid":{"rendered":"https:\/\/fincalamajadera.es\/?page_id=271"},"modified":"2022-07-15T12:16:18","modified_gmt":"2022-07-15T12:16:18","slug":"informacion-general","status":"publish","type":"page","link":"https:\/\/fincalamajadera.es\/index.php\/informacion-general\/","title":{"rendered":"Informaci\u00f3n General"},"content":{"rendered":"\n<figure class=\"wp-block-image size-large\"><img loading=\"lazy\" decoding=\"async\" width=\"1024\" height=\"359\" src=\"https:\/\/i0.wp.com\/fincalamajadera.es\/wp-content\/uploads\/2022\/07\/Foto-Blog-14.png?resize=1024%2C359&#038;ssl=1\" alt=\"\" class=\"wp-image-228\" srcset=\"https:\/\/i0.wp.com\/fincalamajadera.es\/wp-content\/uploads\/2022\/07\/Foto-Blog-14.png?resize=1024%2C359&amp;ssl=1 1024w, https:\/\/i0.wp.com\/fincalamajadera.es\/wp-content\/uploads\/2022\/07\/Foto-Blog-14.png?resize=300%2C105&amp;ssl=1 300w, https:\/\/i0.wp.com\/fincalamajadera.es\/wp-content\/uploads\/2022\/07\/Foto-Blog-14.png?resize=768%2C269&amp;ssl=1 768w, https:\/\/i0.wp.com\/fincalamajadera.es\/wp-content\/uploads\/2022\/07\/Foto-Blog-14.png?w=1140&amp;ssl=1 1140w\" sizes=\"auto, (max-width: 1024px) 100vw, 1024px\" data-recalc-dims=\"1\" \/><figcaption>Villas Privadas con piscina climatizada, jardines y barbacoa<\/figcaption><\/figure>\n\n\n\n<h1 class=\"alignwide has-text-align-center wp-block-heading\"><strong><mark style=\"background-color:rgba(0, 0, 0, 0)\" class=\"has-inline-color has-theme-palette-3-color\">Les damos la bienvenida a nuestras Villas y les deseamos una muy \u00a1\u00a1feliz estancia!!<\/mark><\/strong><\/h1>\n\n\n\n<p class=\"has-text-align-center\"><mark style=\"background-color:rgba(0, 0, 0, 0)\" class=\"has-inline-color has-theme-palette-3-color\"><strong>En Finca La Majadera nos gusta que todo est\u00e9 perfecto, pero si tuvieras alg\u00fan problema nos puedes escribir un WhatsApp o llamar por tel\u00e9fono al +34 699 675 622 \u00a1\u00a1intentaremos responderte lo antes posible!!<\/strong><\/mark><\/p>\n\n\n\n<ul class=\"wp-block-social-links is-content-justification-center is-layout-flex wp-container-core-social-links-is-layout-16018d1d wp-block-social-links-is-layout-flex\"><li class=\"wp-social-link wp-social-link-instagram  wp-block-social-link\"><a href=\"https:\/\/www.instagram.com\/fincalamajadera\/\" class=\"wp-block-social-link-anchor\"><svg width=\"24\" height=\"24\" viewBox=\"0 0 24 24\" version=\"1.1\" xmlns=\"http:\/\/www.w3.org\/2000\/svg\" aria-hidden=\"true\" focusable=\"false\"><path d=\"M12,4.622c2.403,0,2.688,0.009,3.637,0.052c0.877,0.04,1.354,0.187,1.671,0.31c0.42,0.163,0.72,0.358,1.035,0.673 c0.315,0.315,0.51,0.615,0.673,1.035c0.123,0.317,0.27,0.794,0.31,1.671c0.043,0.949,0.052,1.234,0.052,3.637 s-0.009,2.688-0.052,3.637c-0.04,0.877-0.187,1.354-0.31,1.671c-0.163,0.42-0.358,0.72-0.673,1.035 c-0.315,0.315-0.615,0.51-1.035,0.673c-0.317,0.123-0.794,0.27-1.671,0.31c-0.949,0.043-1.233,0.052-3.637,0.052 s-2.688-0.009-3.637-0.052c-0.877-0.04-1.354-0.187-1.671-0.31c-0.42-0.163-0.72-0.358-1.035-0.673 c-0.315-0.315-0.51-0.615-0.673-1.035c-0.123-0.317-0.27-0.794-0.31-1.671C4.631,14.688,4.622,14.403,4.622,12 s0.009-2.688,0.052-3.637c0.04-0.877,0.187-1.354,0.31-1.671c0.163-0.42,0.358-0.72,0.673-1.035 c0.315-0.315,0.615-0.51,1.035-0.673c0.317-0.123,0.794-0.27,1.671-0.31C9.312,4.631,9.597,4.622,12,4.622 M12,3 C9.556,3,9.249,3.01,8.289,3.054C7.331,3.098,6.677,3.25,6.105,3.472C5.513,3.702,5.011,4.01,4.511,4.511 c-0.5,0.5-0.808,1.002-1.038,1.594C3.25,6.677,3.098,7.331,3.054,8.289C3.01,9.249,3,9.556,3,12c0,2.444,0.01,2.751,0.054,3.711 c0.044,0.958,0.196,1.612,0.418,2.185c0.23,0.592,0.538,1.094,1.038,1.594c0.5,0.5,1.002,0.808,1.594,1.038 c0.572,0.222,1.227,0.375,2.185,0.418C9.249,20.99,9.556,21,12,21s2.751-0.01,3.711-0.054c0.958-0.044,1.612-0.196,2.185-0.418 c0.592-0.23,1.094-0.538,1.594-1.038c0.5-0.5,0.808-1.002,1.038-1.594c0.222-0.572,0.375-1.227,0.418-2.185 C20.99,14.751,21,14.444,21,12s-0.01-2.751-0.054-3.711c-0.044-0.958-0.196-1.612-0.418-2.185c-0.23-0.592-0.538-1.094-1.038-1.594 c-0.5-0.5-1.002-0.808-1.594-1.038c-0.572-0.222-1.227-0.375-2.185-0.418C14.751,3.01,14.444,3,12,3L12,3z M12,7.378 c-2.552,0-4.622,2.069-4.622,4.622S9.448,16.622,12,16.622s4.622-2.069,4.622-4.622S14.552,7.378,12,7.378z M12,15 c-1.657,0-3-1.343-3-3s1.343-3,3-3s3,1.343,3,3S13.657,15,12,15z M16.804,6.116c-0.596,0-1.08,0.484-1.08,1.08 s0.484,1.08,1.08,1.08c0.596,0,1.08-0.484,1.08-1.08S17.401,6.116,16.804,6.116z\"><\/path><\/svg><span class=\"wp-block-social-link-label screen-reader-text\">Instagram<\/span><\/a><\/li>\n\n<li class=\"wp-social-link wp-social-link-mail  wp-block-social-link\"><a href=\"mailto:&#105;&#110;&#102;&#111;&#064;&#102;i&#110;&#099;&#097;&#108;&#097;&#109;&#097;&#106;&#097;&#100;&#101;r&#097;.co&#109;\" class=\"wp-block-social-link-anchor\"><svg width=\"24\" height=\"24\" viewBox=\"0 0 24 24\" version=\"1.1\" xmlns=\"http:\/\/www.w3.org\/2000\/svg\" aria-hidden=\"true\" focusable=\"false\"><path d=\"M19,5H5c-1.1,0-2,.9-2,2v10c0,1.1.9,2,2,2h14c1.1,0,2-.9,2-2V7c0-1.1-.9-2-2-2zm.5,12c0,.3-.2.5-.5.5H5c-.3,0-.5-.2-.5-.5V9.8l7.5,5.6,7.5-5.6V17zm0-9.1L12,13.6,4.5,7.9V7c0-.3.2-.5.5-.5h14c.3,0,.5.2.5.5v.9z\"><\/path><\/svg><span class=\"wp-block-social-link-label screen-reader-text\">Correo electr\u00f3nico<\/span><\/a><\/li>\n\n<li class=\"wp-social-link wp-social-link-facebook  wp-block-social-link\"><a href=\"https:\/\/www.facebook.com\/fincalamajadera\" class=\"wp-block-social-link-anchor\"><svg width=\"24\" height=\"24\" viewBox=\"0 0 24 24\" version=\"1.1\" xmlns=\"http:\/\/www.w3.org\/2000\/svg\" aria-hidden=\"true\" focusable=\"false\"><path d=\"M12 2C6.5 2 2 6.5 2 12c0 5 3.7 9.1 8.4 9.9v-7H7.9V12h2.5V9.8c0-2.5 1.5-3.9 3.8-3.9 1.1 0 2.2.2 2.2.2v2.5h-1.3c-1.2 0-1.6.8-1.6 1.6V12h2.8l-.4 2.9h-2.3v7C18.3 21.1 22 17 22 12c0-5.5-4.5-10-10-10z\"><\/path><\/svg><span class=\"wp-block-social-link-label screen-reader-text\">Facebook<\/span><\/a><\/li><\/ul>\n\n\n\n<h2 class=\"wp-block-heading\">Instalaciones<\/h2>\n\n\n\n<div class=\"wp-block-columns is-layout-flex wp-container-core-columns-is-layout-9d6595d7 wp-block-columns-is-layout-flex\">\n<div class=\"wp-block-column is-layout-flow wp-block-column-is-layout-flow\" style=\"flex-basis:100%\">\n<div class=\"wp-block-group\"><div class=\"wp-block-group__inner-container is-layout-flow wp-block-group-is-layout-flow\">\n<div class=\"wp-block-group\"><div class=\"wp-block-group__inner-container is-layout-flow wp-block-group-is-layout-flow\">\n<div class=\"wp-block-group\"><div class=\"wp-block-group__inner-container is-layout-flow wp-block-group-is-layout-flow\">\n<div class=\"wp-block-group\"><div class=\"wp-block-group__inner-container is-layout-flow wp-block-group-is-layout-flow\">\n<div class=\"wp-block-columns is-layout-flex wp-container-core-columns-is-layout-9d6595d7 wp-block-columns-is-layout-flex\">\n<div class=\"wp-block-column is-layout-flow wp-block-column-is-layout-flow\" style=\"flex-basis:100%\">\n<div class=\"wp-block-jetpack-tiled-gallery aligncenter is-style-rectangular\"><div class=\"tiled-gallery__gallery\"><div class=\"tiled-gallery__row\"><div class=\"tiled-gallery__col\" style=\"flex-basis:57.70930%\"><figure class=\"tiled-gallery__item\"><img decoding=\"async\" srcset=\"https:\/\/i1.wp.com\/fincalamajadera.es\/wp-content\/uploads\/2022\/07\/comedor-linde-edited-1024x1024.jpg?strip=info&#038;w=600&#038;ssl=1 600w,https:\/\/i1.wp.com\/fincalamajadera.es\/wp-content\/uploads\/2022\/07\/comedor-linde-edited-1024x1024.jpg?strip=info&#038;w=900&#038;ssl=1 900w,https:\/\/i1.wp.com\/fincalamajadera.es\/wp-content\/uploads\/2022\/07\/comedor-linde-edited-1024x1024.jpg?strip=info&#038;w=1200&#038;ssl=1 1200w,https:\/\/i1.wp.com\/fincalamajadera.es\/wp-content\/uploads\/2022\/07\/comedor-linde-edited-1024x1024.jpg?strip=info&#038;w=1500&#038;ssl=1 1500w,https:\/\/i1.wp.com\/fincalamajadera.es\/wp-content\/uploads\/2022\/07\/comedor-linde-edited-1024x1024.jpg?strip=info&#038;w=1800&#038;ssl=1 1800w,https:\/\/i1.wp.com\/fincalamajadera.es\/wp-content\/uploads\/2022\/07\/comedor-linde-edited-1024x1024.jpg?strip=info&#038;w=2000&#038;ssl=1 2000w\" alt=\"\" data-height=\"2016\" data-id=\"237\" data-link=\"https:\/\/fincalamajadera.es\/comedor-linde-2\/\" data-url=\"https:\/\/fincalamajadera.es\/wp-content\/uploads\/2022\/07\/comedor-linde-edited-1024x1024.jpg\" data-width=\"2017\" src=\"https:\/\/i1.wp.com\/fincalamajadera.es\/wp-content\/uploads\/2022\/07\/comedor-linde-edited-1024x1024.jpg?ssl=1\" data-amp-layout=\"responsive\"\/><\/figure><\/div><div class=\"tiled-gallery__col\" style=\"flex-basis:42.29070%\"><figure class=\"tiled-gallery__item\"><img decoding=\"async\" srcset=\"https:\/\/i0.wp.com\/fincalamajadera.es\/wp-content\/uploads\/2022\/02\/Dormitorio-La-Higuera.jpg?strip=info&#038;w=600&#038;ssl=1 600w,https:\/\/i0.wp.com\/fincalamajadera.es\/wp-content\/uploads\/2022\/02\/Dormitorio-La-Higuera.jpg?strip=info&#038;w=800&#038;ssl=1 800w\" alt=\"\" data-height=\"550\" data-id=\"180\" data-link=\"https:\/\/fincalamajadera.es\/index.php\/2022\/02\/09\/galeria-villa-ii\/dormitorio-la-higuera\/\" data-url=\"https:\/\/fincalamajadera.es\/wp-content\/uploads\/2022\/02\/Dormitorio-La-Higuera.jpg\" data-width=\"800\" src=\"https:\/\/i0.wp.com\/fincalamajadera.es\/wp-content\/uploads\/2022\/02\/Dormitorio-La-Higuera.jpg?ssl=1\" data-amp-layout=\"responsive\"\/><\/figure><figure class=\"tiled-gallery__item\"><img decoding=\"async\" srcset=\"https:\/\/i2.wp.com\/fincalamajadera.es\/wp-content\/uploads\/2022\/02\/salon-linde-1024x682.jpg?strip=info&#038;w=600&#038;ssl=1 600w,https:\/\/i2.wp.com\/fincalamajadera.es\/wp-content\/uploads\/2022\/02\/salon-linde-1024x682.jpg?strip=info&#038;w=900&#038;ssl=1 900w,https:\/\/i2.wp.com\/fincalamajadera.es\/wp-content\/uploads\/2022\/02\/salon-linde-1024x682.jpg?strip=info&#038;w=1200&#038;ssl=1 1200w,https:\/\/i2.wp.com\/fincalamajadera.es\/wp-content\/uploads\/2022\/02\/salon-linde-1024x682.jpg?strip=info&#038;w=1500&#038;ssl=1 1500w,https:\/\/i2.wp.com\/fincalamajadera.es\/wp-content\/uploads\/2022\/02\/salon-linde-1024x682.jpg?strip=info&#038;w=1800&#038;ssl=1 1800w,https:\/\/i2.wp.com\/fincalamajadera.es\/wp-content\/uploads\/2022\/02\/salon-linde-1024x682.jpg?strip=info&#038;w=2000&#038;ssl=1 2000w\" alt=\"\" data-height=\"1706\" data-id=\"171\" data-link=\"https:\/\/fincalamajadera.es\/index.php\/2022\/02\/09\/galeria-villa-ii\/salon-linde\/\" data-url=\"https:\/\/fincalamajadera.es\/wp-content\/uploads\/2022\/02\/salon-linde-1024x682.jpg\" data-width=\"2560\" src=\"https:\/\/i2.wp.com\/fincalamajadera.es\/wp-content\/uploads\/2022\/02\/salon-linde-1024x682.jpg?ssl=1\" data-amp-layout=\"responsive\"\/><\/figure><\/div><\/div><\/div><\/div>\n<\/div>\n<\/div>\n<\/div><\/div>\n\n\n\n<div class=\"wp-block-group\"><div class=\"wp-block-group__inner-container is-layout-flow wp-block-group-is-layout-flow\">\n<div class=\"wp-block-columns is-layout-flex wp-container-core-columns-is-layout-9d6595d7 wp-block-columns-is-layout-flex\">\n<div class=\"wp-block-column is-vertically-aligned-center is-layout-flow wp-block-column-is-layout-flow\" style=\"flex-basis:100%\">\n<div class=\"wp-block-group\"><div class=\"wp-block-group__inner-container is-layout-flow wp-block-group-is-layout-flow\">\n<ul class=\"wp-block-list\"><li>Nuestras Villas son <em>libres de humo<\/em> por lo que si fumas, en la terraza tienes posibilidad de hacerlo, gracias.<\/li><li>La<strong> <\/strong>lavadora tiene el precio de 3\u20ac en monedas de 1\u20ac y puedes usarla por 2h.<\/li><li>En la barbacoa, como obsequio, encontrar\u00e1s algo de le\u00f1a y material para hacer el primer fuego o si prefieres encender la chimenea. Puedes adquirir m\u00e1s le\u00f1a y\/o carb\u00f3n en el supermercado o en la gasolinera.<\/li><li>Las luces exteriores se encienden autom\u00e1ticamente, si desearas cambiar el horario nos puedes comunicar e intentaremos hacerlo lo antes posible.&nbsp;<\/li><li>El alumbrado de emergencia se encuentra situado en cada una de las puertas de salida de la casa, al lado de la se\u00f1al \u201csalida\u201d<\/li><li>La piscina est\u00e1 climatizada a una temperatura recomendada de 26\u00ba, para mantener el calor rogamos le coloque la manta t\u00e9rmica una vez termine de utilizarla. Se utiliza en su depuraci\u00f3n sal marina.<\/li><li>El mantenimiento de los jardines se realiza una vez en semana (normalmente los mi\u00e9rcoles, aunque puede cambiar), de 10 a 13:30 horas.&nbsp;<\/li><li>A la llegada les obsequiamos con un pack de bienvenida como papel higi\u00e9nico, papel de cocina, bolsas de basura, etc.<\/li><\/ul>\n<\/div><\/div>\n<\/div>\n<\/div>\n<\/div><\/div>\n<\/div><\/div>\n<\/div><\/div>\n<\/div><\/div>\n<\/div>\n<\/div>\n\n\n\n<h2 class=\"wp-block-heading\">Limpieza<\/h2>\n\n\n\n<ul class=\"wp-block-list\"><li>Durante su estancia podemos hacer un cambio de toallas a los 2\/3 d\u00edas despu\u00e9s de la llegada y\/o hacer una limpieza, lo que prefieras. Recuerda que para poder hacer una limpieza \u00f3ptima, la Villa deber\u00e1 estar desocupada y tardamos alrededor de tres horas.&nbsp;<\/li><li>Por estancias superiores a 8 d\u00edas, hacemos cambios de s\u00e1banas y limpieza.<\/li><li>La basura la recogemos el d\u00eda de la limpieza, tambi\u00e9n puede dejarla en la caseta habilitada al lado del garaje donde encontrar\u00e1s opciones de reciclaje o si lo prefieres hay contenedores al final de la calle. \u00a1Lo que mejor te venga!<\/li><li>Si usas la chimenea y\/o la barbacoa no tires los residuos al jard\u00edn, \u00a1son contaminantes! t\u00edralos a la basura, \u00a1gracias!<\/li><\/ul>\n\n\n\n<h2 class=\"wp-block-heading\">Nuestras Gatas<\/h2>\n\n\n\n<p>Nos encanta cuidar de nuestro entorno y de nuestras gatas: Lucky, Lady y Rubia, probablemente veas m\u00e1s porque en esta zona hay muchos gatos, pero a ellas tres las hemos adoptado.&nbsp;Es importante que sepas que:<\/p>\n\n\n\n<div class=\"wp-block-jetpack-tiled-gallery aligncenter is-style-rectangular\"><div class=\"tiled-gallery__gallery\"><div class=\"tiled-gallery__row\"><div class=\"tiled-gallery__col\" style=\"flex-basis:66.80592%\"><figure class=\"tiled-gallery__item\"><img decoding=\"async\" srcset=\"https:\/\/i2.wp.com\/fincalamajadera.es\/wp-content\/uploads\/2022\/07\/DSC_0637-1024x683.jpg?strip=info&#038;w=600&#038;ssl=1 600w,https:\/\/i2.wp.com\/fincalamajadera.es\/wp-content\/uploads\/2022\/07\/DSC_0637-1024x683.jpg?strip=info&#038;w=900&#038;ssl=1 900w,https:\/\/i2.wp.com\/fincalamajadera.es\/wp-content\/uploads\/2022\/07\/DSC_0637-1024x683.jpg?strip=info&#038;w=1200&#038;ssl=1 1200w,https:\/\/i2.wp.com\/fincalamajadera.es\/wp-content\/uploads\/2022\/07\/DSC_0637-1024x683.jpg?strip=info&#038;w=1500&#038;ssl=1 1500w,https:\/\/i2.wp.com\/fincalamajadera.es\/wp-content\/uploads\/2022\/07\/DSC_0637-1024x683.jpg?strip=info&#038;w=1800&#038;ssl=1 1800w,https:\/\/i2.wp.com\/fincalamajadera.es\/wp-content\/uploads\/2022\/07\/DSC_0637-1024x683.jpg?strip=info&#038;w=2000&#038;ssl=1 2000w\" alt=\"\" data-height=\"1707\" data-id=\"240\" data-link=\"https:\/\/fincalamajadera.es\/?attachment_id=240\" data-url=\"https:\/\/fincalamajadera.es\/wp-content\/uploads\/2022\/07\/DSC_0637-1024x683.jpg\" data-width=\"2560\" src=\"https:\/\/i2.wp.com\/fincalamajadera.es\/wp-content\/uploads\/2022\/07\/DSC_0637-1024x683.jpg?ssl=1\" data-amp-layout=\"responsive\"\/><\/figure><\/div><div class=\"tiled-gallery__col\" style=\"flex-basis:33.19408%\"><figure class=\"tiled-gallery__item\"><img decoding=\"async\" srcset=\"https:\/\/i1.wp.com\/fincalamajadera.es\/wp-content\/uploads\/2022\/07\/DSC_0404-1024x683.jpg?strip=info&#038;w=600&#038;ssl=1 600w,https:\/\/i1.wp.com\/fincalamajadera.es\/wp-content\/uploads\/2022\/07\/DSC_0404-1024x683.jpg?strip=info&#038;w=900&#038;ssl=1 900w,https:\/\/i1.wp.com\/fincalamajadera.es\/wp-content\/uploads\/2022\/07\/DSC_0404-1024x683.jpg?strip=info&#038;w=1200&#038;ssl=1 1200w,https:\/\/i1.wp.com\/fincalamajadera.es\/wp-content\/uploads\/2022\/07\/DSC_0404-1024x683.jpg?strip=info&#038;w=1500&#038;ssl=1 1500w,https:\/\/i1.wp.com\/fincalamajadera.es\/wp-content\/uploads\/2022\/07\/DSC_0404-1024x683.jpg?strip=info&#038;w=1800&#038;ssl=1 1800w,https:\/\/i1.wp.com\/fincalamajadera.es\/wp-content\/uploads\/2022\/07\/DSC_0404-1024x683.jpg?strip=info&#038;w=2000&#038;ssl=1 2000w\" alt=\"\" data-height=\"1707\" data-id=\"241\" data-link=\"https:\/\/fincalamajadera.es\/?attachment_id=241\" data-url=\"https:\/\/fincalamajadera.es\/wp-content\/uploads\/2022\/07\/DSC_0404-1024x683.jpg\" data-width=\"2560\" src=\"https:\/\/i1.wp.com\/fincalamajadera.es\/wp-content\/uploads\/2022\/07\/DSC_0404-1024x683.jpg?ssl=1\" data-amp-layout=\"responsive\"\/><\/figure><figure class=\"tiled-gallery__item\"><img decoding=\"async\" srcset=\"https:\/\/i0.wp.com\/fincalamajadera.es\/wp-content\/uploads\/2022\/07\/DSC_0284-1024x683.jpg?strip=info&#038;w=600&#038;ssl=1 600w,https:\/\/i0.wp.com\/fincalamajadera.es\/wp-content\/uploads\/2022\/07\/DSC_0284-1024x683.jpg?strip=info&#038;w=900&#038;ssl=1 900w,https:\/\/i0.wp.com\/fincalamajadera.es\/wp-content\/uploads\/2022\/07\/DSC_0284-1024x683.jpg?strip=info&#038;w=1200&#038;ssl=1 1200w,https:\/\/i0.wp.com\/fincalamajadera.es\/wp-content\/uploads\/2022\/07\/DSC_0284-1024x683.jpg?strip=info&#038;w=1500&#038;ssl=1 1500w,https:\/\/i0.wp.com\/fincalamajadera.es\/wp-content\/uploads\/2022\/07\/DSC_0284-1024x683.jpg?strip=info&#038;w=1800&#038;ssl=1 1800w,https:\/\/i0.wp.com\/fincalamajadera.es\/wp-content\/uploads\/2022\/07\/DSC_0284-1024x683.jpg?strip=info&#038;w=2000&#038;ssl=1 2000w\" alt=\"\" data-height=\"1707\" data-id=\"242\" data-link=\"https:\/\/fincalamajadera.es\/?attachment_id=242\" data-url=\"https:\/\/fincalamajadera.es\/wp-content\/uploads\/2022\/07\/DSC_0284-1024x683.jpg\" data-width=\"2560\" src=\"https:\/\/i0.wp.com\/fincalamajadera.es\/wp-content\/uploads\/2022\/07\/DSC_0284-1024x683.jpg?ssl=1\" data-amp-layout=\"responsive\"\/><\/figure><\/div><\/div><\/div><\/div>\n\n\n\n<ul class=\"wp-block-list\"><li>Las gatas son muy buenas cazadoras, as\u00ed que se alimentan de roedores, conejos, lagartos o p\u00e1jaros. Son gatitas muy mimosas y agradecidas, no te asustes si ves en la puerta alg\u00fan roedor o lagarto, \u00a1es un regalo!<\/li><li>Ellas tienen sus comederos, no necesitan que saques los platos de las casas.<\/li><li>Ellas no pueden tomar leche ni sus derivados, les hace da\u00f1o. Si quieres darles de comer puedes darle pienso o comida h\u00fameda. Evitar dar comida con huesos o espinas.<\/li><li>Si no te gustan las gatas, no te preocupes, mientras no les muestres cari\u00f1o ellas captan la indirecta.<\/li><li>NO pueden entrar dentro de las casas, \u00a1aunque miren con cara de pena!.<\/li><\/ul>\n\n\n\n<h2 class=\"wp-block-heading\">Medidas de Seguridad en la Piscina<\/h2>\n\n\n\n<p>Disfruta de la piscina al m\u00e1ximo, recuerda que cuidamos que sea respetuosa con el medio ambiente y la protegemos con la manta para que se pueda mantener lo m\u00e1s limpia posible y el calor no se disipe (suele estar entre los 22\u00ba y 26\u00ba).<\/p>\n\n\n\n<p>Te recomendamos estas medidas de seguridad por tu bien y el de tu familia, sobre todo si son menores, recuerda que es tu responsabilidad.<\/p>\n\n\n\n<div class=\"wp-block-jetpack-tiled-gallery aligncenter is-style-rectangular\"><div class=\"tiled-gallery__gallery\"><div class=\"tiled-gallery__row\"><div class=\"tiled-gallery__col\" style=\"flex-basis:71.51274%\"><figure class=\"tiled-gallery__item\"><img decoding=\"async\" srcset=\"https:\/\/i2.wp.com\/fincalamajadera.es\/wp-content\/uploads\/2022\/07\/peral1-1-1024x683.jpg?strip=info&#038;w=600&#038;ssl=1 600w,https:\/\/i2.wp.com\/fincalamajadera.es\/wp-content\/uploads\/2022\/07\/peral1-1-1024x683.jpg?strip=info&#038;w=900&#038;ssl=1 900w,https:\/\/i2.wp.com\/fincalamajadera.es\/wp-content\/uploads\/2022\/07\/peral1-1-1024x683.jpg?strip=info&#038;w=1200&#038;ssl=1 1200w,https:\/\/i2.wp.com\/fincalamajadera.es\/wp-content\/uploads\/2022\/07\/peral1-1-1024x683.jpg?strip=info&#038;w=1500&#038;ssl=1 1500w,https:\/\/i2.wp.com\/fincalamajadera.es\/wp-content\/uploads\/2022\/07\/peral1-1-1024x683.jpg?strip=info&#038;w=1800&#038;ssl=1 1800w,https:\/\/i2.wp.com\/fincalamajadera.es\/wp-content\/uploads\/2022\/07\/peral1-1-1024x683.jpg?strip=info&#038;w=2000&#038;ssl=1 2000w\" alt=\"\" data-height=\"1707\" data-id=\"245\" data-link=\"https:\/\/fincalamajadera.es\/?attachment_id=245\" data-url=\"https:\/\/fincalamajadera.es\/wp-content\/uploads\/2022\/07\/peral1-1-1024x683.jpg\" data-width=\"2560\" src=\"https:\/\/i2.wp.com\/fincalamajadera.es\/wp-content\/uploads\/2022\/07\/peral1-1-1024x683.jpg?ssl=1\" data-amp-layout=\"responsive\"\/><\/figure><\/div><div class=\"tiled-gallery__col\" style=\"flex-basis:28.48726%\"><figure class=\"tiled-gallery__item\"><img decoding=\"async\" srcset=\"https:\/\/i2.wp.com\/fincalamajadera.es\/wp-content\/uploads\/2022\/07\/DSC_0458-1024x683.jpg?strip=info&#038;w=600&#038;ssl=1 600w,https:\/\/i2.wp.com\/fincalamajadera.es\/wp-content\/uploads\/2022\/07\/DSC_0458-1024x683.jpg?strip=info&#038;w=900&#038;ssl=1 900w,https:\/\/i2.wp.com\/fincalamajadera.es\/wp-content\/uploads\/2022\/07\/DSC_0458-1024x683.jpg?strip=info&#038;w=1200&#038;ssl=1 1200w,https:\/\/i2.wp.com\/fincalamajadera.es\/wp-content\/uploads\/2022\/07\/DSC_0458-1024x683.jpg?strip=info&#038;w=1500&#038;ssl=1 1500w,https:\/\/i2.wp.com\/fincalamajadera.es\/wp-content\/uploads\/2022\/07\/DSC_0458-1024x683.jpg?strip=info&#038;w=1800&#038;ssl=1 1800w,https:\/\/i2.wp.com\/fincalamajadera.es\/wp-content\/uploads\/2022\/07\/DSC_0458-1024x683.jpg?strip=info&#038;w=2000&#038;ssl=1 2000w\" alt=\"\" data-height=\"1707\" data-id=\"246\" data-link=\"https:\/\/fincalamajadera.es\/?attachment_id=246\" data-url=\"https:\/\/fincalamajadera.es\/wp-content\/uploads\/2022\/07\/DSC_0458-1024x683.jpg\" data-width=\"2560\" src=\"https:\/\/i2.wp.com\/fincalamajadera.es\/wp-content\/uploads\/2022\/07\/DSC_0458-1024x683.jpg?ssl=1\" data-amp-layout=\"responsive\"\/><\/figure><figure class=\"tiled-gallery__item\"><img decoding=\"async\" srcset=\"https:\/\/i2.wp.com\/fincalamajadera.es\/wp-content\/uploads\/2022\/02\/h2-1024x1024.jpg?strip=info&#038;w=600&#038;ssl=1 600w,https:\/\/i2.wp.com\/fincalamajadera.es\/wp-content\/uploads\/2022\/02\/h2-1024x1024.jpg?strip=info&#038;w=900&#038;ssl=1 900w,https:\/\/i2.wp.com\/fincalamajadera.es\/wp-content\/uploads\/2022\/02\/h2-1024x1024.jpg?strip=info&#038;w=1080&#038;ssl=1 1080w\" alt=\"\" data-height=\"1080\" data-id=\"187\" data-link=\"https:\/\/fincalamajadera.es\/index.php\/2022\/02\/09\/galeria-villa-ii\/h2\/\" data-url=\"https:\/\/fincalamajadera.es\/wp-content\/uploads\/2022\/02\/h2-1024x1024.jpg\" data-width=\"1080\" src=\"https:\/\/i2.wp.com\/fincalamajadera.es\/wp-content\/uploads\/2022\/02\/h2-1024x1024.jpg?ssl=1\" data-amp-layout=\"responsive\"\/><\/figure><\/div><\/div><\/div><\/div>\n\n\n\n<ul class=\"wp-block-list\"><li>La piscina no es muy profunda, por lo que no es recomendable tirarse de cabeza.<\/li><li>Evitar hacer zambullidas y saltos, sobre todo si hay menores, podr\u00eda generar un accidente.<\/li><li>Usar la piscina de noche no es recomendable, aunque tiene luces para poder hacerlo.<\/li><li>No es recomendable usar la piscina bajo los efectos de alcohol, medicamentos o drogas.<\/li><li>Evitar jugar a juegos violentos en la piscina o cerca, podr\u00eda ser peligroso.<\/li><li>Los\/as menores de 12 a\u00f1os deben estar vigilados en todo momento.<\/li><li>Recuerda cerrar la puerta de la piscina, si tienes menores de 12 a\u00f1os, cuando termines para evitar posibles ca\u00eddas al agua.<\/li><li>Recomendamos el uso de manguitos o chalecos para menores o personas que no sepan nadar.<\/li><li>Evita dejar juguetes alrededor o dentro de la piscina, podr\u00eda generar alg\u00fan accidente.<\/li><li>Recuerda poner la manta protectora cuando termines de usar la<\/li><\/ul>\n","protected":false},"excerpt":{"rendered":"<p>Les damos la bienvenida a nuestras Villas y les deseamos una muy \u00a1\u00a1feliz estancia!! En Finca La Majadera nos gusta que todo est\u00e9 perfecto, pero si tuvieras alg\u00fan problema nos puedes escribir un WhatsApp o llamar por tel\u00e9fono al +34 699 675 622 \u00a1\u00a1intentaremos responderte lo antes posible!! Instalaciones Nuestras Villas son libres de humo&#8230;<\/p>\n","protected":false},"author":1,"featured_media":228,"parent":0,"menu_order":0,"comment_status":"closed","ping_status":"closed","template":"","meta":{"_kad_post_transparent":"","_kad_post_title":"","_kad_post_layout":"","_kad_post_sidebar_id":"","_kad_post_content_style":"","_kad_post_vertical_padding":"","_kad_post_feature":"","_kad_post_feature_position":"","_kad_post_header":false,"_kad_post_footer":false,"spay_email":"","footnotes":""},"class_list":["post-271","page","type-page","status-publish","has-post-thumbnail","hentry"],"_links":{"self":[{"href":"https:\/\/fincalamajadera.es\/index.php\/wp-json\/wp\/v2\/pages\/271","targetHints":{"allow":["GET"]}}],"collection":[{"href":"https:\/\/fincalamajadera.es\/index.php\/wp-json\/wp\/v2\/pages"}],"about":[{"href":"https:\/\/fincalamajadera.es\/index.php\/wp-json\/wp\/v2\/types\/page"}],"author":[{"embeddable":true,"href":"https:\/\/fincalamajadera.es\/index.php\/wp-json\/wp\/v2\/users\/1"}],"replies":[{"embeddable":true,"href":"https:\/\/fincalamajadera.es\/index.php\/wp-json\/wp\/v2\/comments?post=271"}],"version-history":[{"count":1,"href":"https:\/\/fincalamajadera.es\/index.php\/wp-json\/wp\/v2\/pages\/271\/revisions"}],"predecessor-version":[{"id":273,"href":"https:\/\/fincalamajadera.es\/index.php\/wp-json\/wp\/v2\/pages\/271\/revisions\/273"}],"wp:featuredmedia":[{"embeddable":true,"href":"https:\/\/fincalamajadera.es\/index.php\/wp-json\/wp\/v2\/media\/228"}],"wp:attachment":[{"href":"https:\/\/fincalamajadera.es\/index.php\/wp-json\/wp\/v2\/media?parent=271"}],"curies":[{"name":"wp","href":"https:\/\/api.w.org\/{rel}","templated":true}]}}